{"id":40603,"date":"2019-09-01T00:00:59","date_gmt":"2019-09-01T00:00:59","guid":{"rendered":"https:\/\/rrconseils.ch\/fr\/?page_id=40603"},"modified":"2023-05-02T15:39:01","modified_gmt":"2023-05-02T15:39:01","slug":"contactos","status":"publish","type":"page","link":"https:\/\/rrconseils.ch\/fr\/contactos\/","title":{"rendered":"Contactos"},"content":{"rendered":"<p>[et_pb_section fb_built=&#8221;1&#8243; custom_padding_last_edited=&#8221;on|desktop&#8221; _builder_version=&#8221;4.4.8&#8243; use_background_color_gradient=&#8221;on&#8221; background_color_gradient_start=&#8221;rgba(0,0,0,0.44)&#8221; background_color_gradient_end=&#8221;rgba(51,51,51,0.1)&#8221; background_color_gradient_direction=&#8221;90deg&#8221; background_color_gradient_overlays_image=&#8221;on&#8221; background_image=&#8221;https:\/\/rrconseils.ch\/fr\/wp-content\/uploads\/2020\/06\/rrconseils_paralax.jpg&#8221; custom_margin=&#8221;0px||0px||true|false&#8221; custom_padding=&#8221;100px||100px||true|false&#8221; custom_padding_tablet=&#8221;80px||80px||true|false&#8221; custom_padding_phone=&#8221;60px||60px||true|false&#8221; locked=&#8221;off&#8221;][et_pb_row column_structure=&#8221;1_3,2_3&#8243; _builder_version=&#8221;4.4.8&#8243; width=&#8221;90%&#8221; max_width=&#8221;1100px&#8221; custom_margin=&#8221;0px||0px||true|false&#8221; custom_padding=&#8221;0px||0px||true|false&#8221;][et_pb_column type=&#8221;1_3&#8243; _builder_version=&#8221;3.27.3&#8243; custom_padding=&#8221;0px||0px||true|false&#8221; custom_padding_tablet=&#8221;||25px||false|false&#8221; custom_padding_phone=&#8221;&#8221; custom_padding_last_edited=&#8221;on|desktop&#8221;][et_pb_text _builder_version=&#8221;4.4.8&#8243; text_font=&#8221;||||||||&#8221; header_font_size=&#8221;31px&#8221; header_2_font_size=&#8221;31px&#8221; header_3_font_size=&#8221;31px&#8221; header_4_font_size=&#8221;31px&#8221; header_5_font_size=&#8221;31px&#8221; header_6_font_size=&#8221;31px&#8221; background_layout=&#8221;dark&#8221; custom_margin=&#8221;0px||0px||true&#8221; custom_padding=&#8221;0px||0px||true&#8221; header_font_size_tablet=&#8221;25px&#8221; header_font_size_phone=&#8221;&#8221; header_font_size_last_edited=&#8221;on|desktop&#8221; header_2_font_size_tablet=&#8221;25px&#8221; header_2_font_size_phone=&#8221;&#8221; header_2_font_size_last_edited=&#8221;on|desktop&#8221; header_3_font_size_tablet=&#8221;25px&#8221; header_3_font_size_phone=&#8221;&#8221; header_3_font_size_last_edited=&#8221;on|desktop&#8221; header_4_font_size_tablet=&#8221;25px&#8221; header_4_font_size_phone=&#8221;&#8221; header_4_font_size_last_edited=&#8221;on|desktop&#8221; header_5_font_size_tablet=&#8221;25px&#8221; header_5_font_size_phone=&#8221;&#8221; header_5_font_size_last_edited=&#8221;on|desktop&#8221; header_6_font_size_tablet=&#8221;25px&#8221; header_6_font_size_phone=&#8221;&#8221; header_6_font_size_last_edited=&#8221;on|desktop&#8221;]<\/p>\n<h1 style=\"padding-bottom: 0px;\">Contacts<\/h1>\n<p>[\/et_pb_text][et_pb_divider color=&#8221;rgba(255,255,255,0.4)&#8221; divider_position=&#8221;bottom&#8221; _builder_version=&#8221;4.4.8&#8243; height=&#8221;15px&#8221; custom_margin=&#8221;0px||30px||false|false&#8221; custom_padding=&#8221;0px||0px||true&#8221;][\/et_pb_divider][et_pb_text _builder_version=&#8221;4.4.8&#8243; background_layout=&#8221;dark&#8221;]Pour plus d&#8217;informations sur nos services ou si vous souhaitez demander une proposition n&#8217;h\u00e9sitez pas \u00e0 nous contacter.[\/et_pb_text][et_pb_blurb use_icon=&#8221;on&#8221; font_icon=&#8221;%%264%%&#8221; use_circle=&#8221;on&#8221; circle_color=&#8221;#ffffff&#8221; icon_placement=&#8221;left&#8221; use_icon_font_size=&#8221;on&#8221; icon_font_size=&#8221;14px&#8221; module_class=&#8221;linkcont01&#8243; _builder_version=&#8221;4.4.8&#8243; header_font=&#8221;||||||||&#8221; body_font=&#8221;||||||||&#8221; body_font_size=&#8221;17px&#8221; body_line_height=&#8221;1.4em&#8221; background_layout=&#8221;dark&#8221; custom_margin=&#8221;0px||0px||true&#8221; custom_padding=&#8221;0px||25px||false|false&#8221; custom_padding_tablet=&#8221;||35px&#8221; custom_padding_phone=&#8221;&#8221; custom_padding_last_edited=&#8221;on|desktop&#8221; animation=&#8221;off&#8221;]<a href=\"tel:+41 788 748 983\">+41 788 748 983<\/a>[\/et_pb_blurb][et_pb_blurb use_icon=&#8221;on&#8221; font_icon=&#8221;%%238%%&#8221; use_circle=&#8221;on&#8221; circle_color=&#8221;#ffffff&#8221; icon_placement=&#8221;left&#8221; use_icon_font_size=&#8221;on&#8221; icon_font_size=&#8221;14px&#8221; module_class=&#8221;linkcont01&#8243; _builder_version=&#8221;4.4.8&#8243; header_font=&#8221;||||||||&#8221; body_font=&#8221;||||||||&#8221; body_font_size=&#8221;17px&#8221; body_line_height=&#8221;1.4em&#8221; background_layout=&#8221;dark&#8221; custom_margin=&#8221;0px||0px||true&#8221; custom_padding=&#8221;0px||25px||false|false&#8221; custom_padding_tablet=&#8221;||35px&#8221; custom_padding_phone=&#8221;&#8221; custom_padding_last_edited=&#8221;on|desktop&#8221; animation=&#8221;off&#8221;]<a href=\"mailto:rmrrseguros@gmail.com\">rmrrseguros@gmail.com<\/a>[\/et_pb_blurb][et_pb_blurb url=&#8221;https:\/\/goo.gl\/maps\/df5AbHnWQt3j56EX6&#8243; url_new_window=&#8221;on&#8221; use_icon=&#8221;on&#8221; font_icon=&#8221;%%249%%&#8221; use_circle=&#8221;on&#8221; circle_color=&#8221;#ffffff&#8221; icon_placement=&#8221;left&#8221; use_icon_font_size=&#8221;on&#8221; icon_font_size=&#8221;14px&#8221; _builder_version=&#8221;4.8.1&#8243; header_font=&#8221;||||||||&#8221; body_font=&#8221;||||||||&#8221; body_line_height=&#8221;1.4em&#8221; background_layout=&#8221;dark&#8221; custom_margin=&#8221;0px||0px||true&#8221; custom_padding=&#8221;0px||0px||true|false&#8221; animation=&#8221;off&#8221; link_option_url=&#8221;https:\/\/goo.gl\/maps\/df5AbHnWQt3j56EX6&#8243; link_option_url_new_window=&#8221;on&#8221; hover_enabled=&#8221;0&#8243; sticky_enabled=&#8221;0&#8243;]Rue des Merisiers, 1870 Monthey[\/et_pb_blurb][\/et_pb_column][et_pb_column type=&#8221;2_3&#8243; _builder_version=&#8221;3.27.3&#8243;][et_pb_contact_form captcha=&#8221;off&#8221; email=&#8221;geral@rrconseils.ch&#8221; title=&#8221;Formulaire de contact&#8221; custom_message=&#8221;FORMUL\u00c1RIO DE CONTACTO DO SITE||et_pb_line_break_holder||||et_pb_line_break_holder||Nome: %%Nome%%||et_pb_line_break_holder||Email: %%Email%%||et_pb_line_break_holder||Telefone: %%Telefone%%||et_pb_line_break_holder||Mensagem: %%Mensagem%%||et_pb_line_break_holder||||et_pb_line_break_holder||||et_pb_line_break_holder||%%Politica_de_Privacidade%%&#8221; success_message=&#8221;Votre message a \u00e9t\u00e9 envoy\u00e9 avec succ\u00e8s, nous vous r\u00e9pondrons bient\u00f4t!&#8221; submit_button_text=&#8221;ENVOYER&#8221; module_id=&#8221;et_pb_contact_form_0&#8243; module_class=&#8221;notitle white btcolor02&#8243; _builder_version=&#8221;4.8.1&#8243; form_field_background_color=&#8221;#ffffff&#8221; form_field_text_color=&#8221;#&#8221; title_text_align=&#8221;center&#8221; title_text_color=&#8221;#ffffff&#8221; form_field_font=&#8221;||||||||&#8221; form_field_font_size=&#8221;15px&#8221; background_enable_color=&#8221;off&#8221; custom_margin=&#8221;0px||0px||true|false&#8221; custom_padding=&#8221;20px||0px||false|false&#8221; custom_padding_tablet=&#8221;0px||||false|false&#8221; custom_padding_phone=&#8221;&#8221; custom_padding_last_edited=&#8221;on|desktop&#8221; border_radii=&#8221;on|5px|5px|5px|5px&#8221; border_color_all=&#8221;rgba(0,0,0,0.15)&#8221; form_background_color=&#8221;rgba(0,0,0,0)&#8221;][et_pb_contact_field field_id=&#8221;Nome&#8221; field_title=&#8221;Nom&#8221; fullwidth_field=&#8221;on&#8221; _builder_version=&#8221;4.4.8&#8243; button_text_size__hover_enabled=&#8221;off&#8221; button_one_text_size__hover_enabled=&#8221;off&#8221; button_two_text_size__hover_enabled=&#8221;off&#8221; button_text_color__hover_enabled=&#8221;off&#8221; button_one_text_color__hover_enabled=&#8221;off&#8221; button_two_text_color__hover_enabled=&#8221;off&#8221; button_border_width__hover_enabled=&#8221;off&#8221; button_one_border_width__hover_enabled=&#8221;off&#8221; button_two_border_width__hover_enabled=&#8221;off&#8221; button_border_color__hover_enabled=&#8221;off&#8221; button_one_border_color__hover_enabled=&#8221;off&#8221; button_two_border_color__hover_enabled=&#8221;off&#8221; button_border_radius__hover_enabled=&#8221;off&#8221; button_one_border_radius__hover_enabled=&#8221;off&#8221; button_two_border_radius__hover_enabled=&#8221;off&#8221; button_letter_spacing__hover_enabled=&#8221;off&#8221; button_one_letter_spacing__hover_enabled=&#8221;off&#8221; button_two_letter_spacing__hover_enabled=&#8221;off&#8221; button_bg_color__hover_enabled=&#8221;off&#8221; button_one_bg_color__hover_enabled=&#8221;off&#8221; button_two_bg_color__hover_enabled=&#8221;off&#8221;][\/et_pb_contact_field][et_pb_contact_field field_id=&#8221;Email&#8221; field_title=&#8221;Email&#8221; field_type=&#8221;email&#8221; _builder_version=&#8221;3.27.3&#8243; button_text_size__hover_enabled=&#8221;off&#8221; button_one_text_size__hover_enabled=&#8221;off&#8221; button_two_text_size__hover_enabled=&#8221;off&#8221; button_text_color__hover_enabled=&#8221;off&#8221; button_one_text_color__hover_enabled=&#8221;off&#8221; button_two_text_color__hover_enabled=&#8221;off&#8221; button_border_width__hover_enabled=&#8221;off&#8221; button_one_border_width__hover_enabled=&#8221;off&#8221; button_two_border_width__hover_enabled=&#8221;off&#8221; button_border_color__hover_enabled=&#8221;off&#8221; button_one_border_color__hover_enabled=&#8221;off&#8221; button_two_border_color__hover_enabled=&#8221;off&#8221; button_border_radius__hover_enabled=&#8221;off&#8221; button_one_border_radius__hover_enabled=&#8221;off&#8221; button_two_border_radius__hover_enabled=&#8221;off&#8221; button_letter_spacing__hover_enabled=&#8221;off&#8221; button_one_letter_spacing__hover_enabled=&#8221;off&#8221; button_two_letter_spacing__hover_enabled=&#8221;off&#8221; button_bg_color__hover_enabled=&#8221;off&#8221; button_one_bg_color__hover_enabled=&#8221;off&#8221; button_two_bg_color__hover_enabled=&#8221;off&#8221;][\/et_pb_contact_field][et_pb_contact_field field_id=&#8221;Telefone&#8221; field_title=&#8221;T\u00e9l\u00e9phone&#8221; _builder_version=&#8221;4.4.8&#8243; button_text_size__hover_enabled=&#8221;off&#8221; button_one_text_size__hover_enabled=&#8221;off&#8221; button_two_text_size__hover_enabled=&#8221;off&#8221; button_text_color__hover_enabled=&#8221;off&#8221; button_one_text_color__hover_enabled=&#8221;off&#8221; button_two_text_color__hover_enabled=&#8221;off&#8221; button_border_width__hover_enabled=&#8221;off&#8221; button_one_border_width__hover_enabled=&#8221;off&#8221; button_two_border_width__hover_enabled=&#8221;off&#8221; button_border_color__hover_enabled=&#8221;off&#8221; button_one_border_color__hover_enabled=&#8221;off&#8221; button_two_border_color__hover_enabled=&#8221;off&#8221; button_border_radius__hover_enabled=&#8221;off&#8221; button_one_border_radius__hover_enabled=&#8221;off&#8221; button_two_border_radius__hover_enabled=&#8221;off&#8221; button_letter_spacing__hover_enabled=&#8221;off&#8221; button_one_letter_spacing__hover_enabled=&#8221;off&#8221; button_two_letter_spacing__hover_enabled=&#8221;off&#8221; button_bg_color__hover_enabled=&#8221;off&#8221; button_one_bg_color__hover_enabled=&#8221;off&#8221; button_two_bg_color__hover_enabled=&#8221;off&#8221;][\/et_pb_contact_field][et_pb_contact_field field_id=&#8221;Mensagem&#8221; field_title=&#8221;Message&#8221; field_type=&#8221;text&#8221; fullwidth_field=&#8221;on&#8221; _builder_version=&#8221;4.4.8&#8243; custom_margin=&#8221;0px||10px||false|false&#8221; button_text_size__hover_enabled=&#8221;off&#8221; button_one_text_size__hover_enabled=&#8221;off&#8221; button_two_text_size__hover_enabled=&#8221;off&#8221; button_text_color__hover_enabled=&#8221;off&#8221; button_one_text_color__hover_enabled=&#8221;off&#8221; button_two_text_color__hover_enabled=&#8221;off&#8221; button_border_width__hover_enabled=&#8221;off&#8221; button_one_border_width__hover_enabled=&#8221;off&#8221; button_two_border_width__hover_enabled=&#8221;off&#8221; button_border_color__hover_enabled=&#8221;off&#8221; button_one_border_color__hover_enabled=&#8221;off&#8221; button_two_border_color__hover_enabled=&#8221;off&#8221; button_border_radius__hover_enabled=&#8221;off&#8221; button_one_border_radius__hover_enabled=&#8221;off&#8221; button_two_border_radius__hover_enabled=&#8221;off&#8221; button_letter_spacing__hover_enabled=&#8221;off&#8221; button_one_letter_spacing__hover_enabled=&#8221;off&#8221; button_two_letter_spacing__hover_enabled=&#8221;off&#8221; button_bg_color__hover_enabled=&#8221;off&#8221; button_one_bg_color__hover_enabled=&#8221;off&#8221; button_two_bg_color__hover_enabled=&#8221;off&#8221;][\/et_pb_contact_field][et_pb_contact_field field_id=&#8221;Politica_de_Privacidade&#8221; field_title=&#8221;Pol\u00edtica de Privacidade&#8221; field_type=&#8221;checkbox&#8221; checkbox_options=&#8221;%91{%22value%22:%22Je d\u00e9clare les avoir lus, accept\u00e9s et autoris\u00e9s \u00e0 utiliser mes donn\u00e9es pour me contacter conform\u00e9ment \u00e0 la politique de confidentialit\u00e9.%22,%22checked%22:0,%22dragID%22:-1,%22link_text%22:%22En savoir plus%22,%22link_url%22:%22https:\/\/rrconseils.ch\/fr\/protecao-de-dados\/#PP%22}%93&#8243; fullwidth_field=&#8221;on&#8221; _builder_version=&#8221;4.4.8&#8243; custom_margin=&#8221;0px||30px||false|false&#8221; button_text_size__hover_enabled=&#8221;off&#8221; button_one_text_size__hover_enabled=&#8221;off&#8221; button_two_text_size__hover_enabled=&#8221;off&#8221; button_text_color__hover_enabled=&#8221;off&#8221; button_one_text_color__hover_enabled=&#8221;off&#8221; button_two_text_color__hover_enabled=&#8221;off&#8221; button_border_width__hover_enabled=&#8221;off&#8221; button_one_border_width__hover_enabled=&#8221;off&#8221; button_two_border_width__hover_enabled=&#8221;off&#8221; button_border_color__hover_enabled=&#8221;off&#8221; button_one_border_color__hover_enabled=&#8221;off&#8221; button_two_border_color__hover_enabled=&#8221;off&#8221; button_border_radius__hover_enabled=&#8221;off&#8221; button_one_border_radius__hover_enabled=&#8221;off&#8221; button_two_border_radius__hover_enabled=&#8221;off&#8221; button_letter_spacing__hover_enabled=&#8221;off&#8221; button_one_letter_spacing__hover_enabled=&#8221;off&#8221; button_two_letter_spacing__hover_enabled=&#8221;off&#8221; button_bg_color__hover_enabled=&#8221;off&#8221; button_one_bg_color__hover_enabled=&#8221;off&#8221; button_two_bg_color__hover_enabled=&#8221;off&#8221;][\/et_pb_contact_field][\/et_pb_contact_form][\/et_pb_column][\/et_pb_row][\/et_pb_section][et_pb_section fb_built=&#8221;1&#8243; fullwidth=&#8221;on&#8221; _builder_version=&#8221;3.22&#8243; custom_margin=&#8221;0px||-7px||false&#8221; custom_padding=&#8221;0px||0px||true&#8221; locked=&#8221;off&#8221;][et_pb_fullwidth_code _builder_version=&#8221;4.8.1&#8243; custom_margin=&#8221;0px||0px||true&#8221; custom_padding=&#8221;0px||0px||true&#8221; hover_enabled=&#8221;0&#8243; sticky_enabled=&#8221;0&#8243;]<iframe src=\"https:\/\/www.google.com\/maps\/embed?pb=!1m18!1m12!1m3!1d2758.3427843958743!2d6.942175076798924!3d46.26329167976806!2m3!1f0!2f0!3f0!3m2!1i1024!2i768!4f13.1!3m3!1m2!1s0x478ebcde1ee18b6b%3A0xbb01b7d4ff0058d5!2sRue%20des%20Merisiers%2C%201870%20Monthey%2C%20Su%C3%AD%C3%A7a!5e0!3m2!1spt-PT!2spt!4v1683041553214!5m2!1spt-PT!2spt\" width=\"100%\" height=\"400\" style=\"border:0;\" allowfullscreen=\"\" loading=\"lazy\" referrerpolicy=\"no-referrer-when-downgrade\"><\/iframe>[\/et_pb_fullwidth_code][\/et_pb_section][et_pb_section fb_built=&#8221;1&#8243; disabled_on=&#8221;off|off|off&#8221; _builder_version=&#8221;3.27.3&#8243; background_color=&#8221;#ffffff&#8221; custom_margin=&#8221;0px|0px|0px|0px|true|true&#8221; custom_padding=&#8221;0px|0px|0px|0px|true|true&#8221; custom_padding_tablet=&#8221;0px||0px|&#8221; global_module=&#8221;41197&#8243; saved_tabs=&#8221;all&#8221;][et_pb_row column_structure=&#8221;3_5,2_5&#8243; column_padding_mobile=&#8221;on&#8221; custom_padding_last_edited=&#8221;on|desktop&#8221; module_class=&#8221; et_pb_row_fullwidth&#8221; _builder_version=&#8221;3.27.3&#8243; background_size=&#8221;initial&#8221; background_position=&#8221;top_left&#8221; background_repeat=&#8221;repeat&#8221; width=&#8221;95%&#8221; max_width=&#8221;95%&#8221; module_alignment=&#8221;center&#8221; custom_margin=&#8221;0px|0px|0px|0px|true|true&#8221; custom_padding=&#8221;40px|0px|40px|0px|true|true&#8221; custom_padding_tablet=&#8221;|25px||25px|true|true&#8221; custom_padding_phone=&#8221;||||true|true&#8221; make_fullwidth=&#8221;on&#8221;][et_pb_column type=&#8221;3_5&#8243; _builder_version=&#8221;3.25&#8243; custom_padding=&#8221;|||&#8221; custom_padding__hover=&#8221;|||&#8221;][et_pb_text content_tablet=&#8221;&#8221; content_phone=&#8221;<\/p>\n<p style=%22padding-bottom: 8px; font-size: 12px;%22>\u00a9 RRConseils &#8211; Servi\u00e7os de Cr\u00e9dito e Media\u00e7\u00e3o de Seguros<\/p>\n<p style=%22padding-bottom: 2px;%22><a data-et-target-link=%22_blank%22 href=%22https:\/\/www.livroreclamacoes.pt\/inicio%22 rel=%22noopener noreferrer%22>Livro de reclama\u00e7\u00f5es<\/a>      <a href=%22https:\/\/rrconseils.ch\/fr\/protecao-de-dados\/#RLO%22>Resolu\u00e7\u00e3o lit\u00edgios online<\/a>       <a href=%22https:\/\/rrconseils.ch\/fr\/protecao-de-dados\/#PP%22> Privacidade<\/a>    <a href=%22https:\/\/rrconseils.ch\/fr\/protecao-de-dados\/#PC%22>Cookies<\/a><\/p>\n<p style=%22padding-bottom: 0px;%22>webdesign by: <a href=%22https:\/\/criativo.net\/%22 data-et-target-link=%22_blank%22 rel=%22noopener noreferrer%22>criativo.net<\/a><\/p>\n<p>&#8221; content_last_edited=&#8221;on|phone&#8221; admin_label=&#8221;Rodape nome do site&#8221; module_class=&#8221;LinkFooterBranco&#8221; _builder_version=&#8221;4.4.8&#8243; text_font=&#8221;||||||||&#8221; text_font_size=&#8221;12px&#8221; text_line_height=&#8221;1.4em&#8221; background_size=&#8221;initial&#8221; background_position=&#8221;top_left&#8221; background_repeat=&#8221;repeat&#8221; custom_margin=&#8221;0px||0px||true&#8221; custom_padding=&#8221;0px||0px||true&#8221; text_text_align=&#8221;left&#8221; text_text_align_tablet=&#8221;center&#8221; text_text_align_last_edited=&#8221;on|desktop&#8221;]<\/p>\n<p style=\"padding-bottom: 8px; font-size: 14px;\">\u00a9 RRConseils &#8211; Services de cr\u00e9dit et m\u00e9diation en assurance<\/p>\n<p style=\"padding-bottom: 2px;\"><a target=\"_blank\" href=\"https:\/\/www.livroreclamacoes.pt\/inicio\" rel=\"noopener noreferrer\">Livre de r\u00e9clamation<\/a> \u00a0\u00a0 <a href=\"https:\/\/rrconseils.ch\/fr\/protecao-de-dados\/#RLO\">R\u00e9solution des litiges online<\/a> \u00a0\u00a0 <a href=\"https:\/\/rrconseils.ch\/fr\/protecao-de-dados\/#PP\"> Confidentialit\u00e9<\/a> \u00a0\u00a0 <a href=\"https:\/\/rrconseils.ch\/fr\/protecao-de-dados\/#PC\">Cookies<\/a><\/p>\n<p style=\"padding-bottom: 0px;\">webdesign by: <a href=\"https:\/\/criativo.net\/\" target=\"_blank\" rel=\"noopener noreferrer\">criativo.net<\/a><\/p>\n<p>[\/et_pb_text][\/et_pb_column][et_pb_column type=&#8221;2_5&#8243; _builder_version=&#8221;3.25&#8243; custom_padding=&#8221;|||&#8221; custom_padding__hover=&#8221;|||&#8221;][et_pb_social_media_follow use_icon_font_size=&#8221;on&#8221; icon_font_size=&#8221;15px&#8221; _builder_version=&#8221;3.27.3&#8243; text_orientation=&#8221;right&#8221; custom_margin=&#8221;0px||0px||true|false&#8221; custom_padding=&#8221;0px||0px||true|false&#8221; text_orientation_tablet=&#8221;center&#8221; text_orientation_phone=&#8221;&#8221; text_orientation_last_edited=&#8221;on|desktop&#8221; border_radii=&#8221;on|50px|50px|50px|50px&#8221;][et_pb_social_media_follow_network social_network=&#8221;facebook&#8221; _builder_version=&#8221;3.27.3&#8243; background_color=&#8221;#3b5998&#8243; custom_margin=&#8221;0px|0px|0px|0px|true|true&#8221; custom_padding=&#8221;0px|0px|0px|0px|true|true&#8221; follow_button=&#8221;off&#8221; url_new_window=&#8221;on&#8221;]facebook[\/et_pb_social_media_follow_network][et_pb_social_media_follow_network social_network=&#8221;instagram&#8221; _builder_version=&#8221;3.27.3&#8243; background_color=&#8221;#ea2c59&#8243; custom_margin=&#8221;0px|0px|0px|0px|true|true&#8221; custom_padding=&#8221;0px|0px|0px|0px|true|true&#8221; follow_button=&#8221;off&#8221; url_new_window=&#8221;on&#8221;]instagram[\/et_pb_social_media_follow_network][\/et_pb_social_media_follow][et_pb_image src=&#8221;https:\/\/rrconseils.ch\/fr\/wp-content\/uploads\/2019\/01\/certificado-ssl-pt.png&#8221; align=&#8221;right&#8221; align_tablet=&#8221;center&#8221; align_phone=&#8221;&#8221; align_last_edited=&#8221;on|desktop&#8221; disabled_on=&#8221;on|on|off&#8221; _builder_version=&#8221;3.27.3&#8243; custom_margin=&#8221;-33px|90px|0px|0px|false|false&#8221; custom_margin_tablet=&#8221;20px|0px||0px|false|true&#8221; custom_margin_phone=&#8221;&#8221; custom_margin_last_edited=&#8221;on|tablet&#8221; custom_padding=&#8221;0px|0px|0px|0px|true|true&#8221;][\/et_pb_image][\/et_pb_column][\/et_pb_row][\/et_pb_section]<\/p>\n","protected":false},"excerpt":{"rendered":"<p>ContactsPour plus d&#8217;informations sur nos services ou si vous souhaitez demander une proposition n&#8217;h\u00e9sitez pas \u00e0 nous contacter.+41 788 748 983rmrrseguros@gmail.comRue des Merisiers, 1870 Monthey\u00a9 RRConseils &#8211; Services de cr\u00e9dit et m\u00e9diation en assurance Livre de r\u00e9clamation \u00a0\u00a0 R\u00e9solution des litiges online \u00a0\u00a0 Confidentialit\u00e9 \u00a0\u00a0 Cookies webdesign by: criativo.net<\/p>\n","protected":false},"author":3,"featured_media":0,"parent":0,"menu_order":0,"comment_status":"closed","ping_status":"closed","template":"","meta":{"_et_pb_use_builder":"on","_et_pb_old_content":"","_et_gb_content_width":"","_joinchat":[],"footnotes":""},"class_list":["post-40603","page","type-page","status-publish","hentry"],"_links":{"self":[{"href":"https:\/\/rrconseils.ch\/fr\/wp-json\/wp\/v2\/pages\/40603","targetHints":{"allow":["GET"]}}],"collection":[{"href":"https:\/\/rrconseils.ch\/fr\/wp-json\/wp\/v2\/pages"}],"about":[{"href":"https:\/\/rrconseils.ch\/fr\/wp-json\/wp\/v2\/types\/page"}],"author":[{"embeddable":true,"href":"https:\/\/rrconseils.ch\/fr\/wp-json\/wp\/v2\/users\/3"}],"replies":[{"embeddable":true,"href":"https:\/\/rrconseils.ch\/fr\/wp-json\/wp\/v2\/comments?post=40603"}],"version-history":[{"count":22,"href":"https:\/\/rrconseils.ch\/fr\/wp-json\/wp\/v2\/pages\/40603\/revisions"}],"predecessor-version":[{"id":42370,"href":"https:\/\/rrconseils.ch\/fr\/wp-json\/wp\/v2\/pages\/40603\/revisions\/42370"}],"wp:attachment":[{"href":"https:\/\/rrconseils.ch\/fr\/wp-json\/wp\/v2\/media?parent=40603"}],"curies":[{"name":"wp","href":"https:\/\/api.w.org\/{rel}","templated":true}]}}